{"id":11,"date":"2021-01-10T18:25:00","date_gmt":"2021-01-10T18:25:00","guid":{"rendered":"https:\/\/igzmm.de\/?page_id=11"},"modified":"2024-10-31T18:06:13","modified_gmt":"2024-10-31T18:06:13","slug":"ueber-uns","status":"publish","type":"page","link":"https:\/\/igzmm.de\/?page_id=11","title":{"rendered":"\u00dcber uns"},"content":{"rendered":"\n<h2 class=\"wp-block-heading\">Sprecherinnenrat<\/h2>\n\n\n\n<p>Der Sprecher*innenrat setzt sich aus folgenden Akteur*innen der freien zeitgen\u00f6ssischen Musikszene M\u00fcnchens zusammen und wurde von den Mitgliedern der IG ZMM am 16. Februar 2024 neu gew\u00e4hlt: Jean Pierre Collot, Markus Elsner, Karina Erhard, Kelvin Hawthorne, Salome Kammer, Kathrin Isabelle Klein, Oliver Klenk, Markus Lehmann-Horn, Cornelia Meli\u00e1n, Alexander F. M\u00fcller Adrian Pereyra, Alexander Strauch und Klaus-Peter Werani.<\/p>\n\n\n\n<h2 class=\"wp-block-heading\">Was ist die IG ZMM <\/h2>\n\n\n\n<p>In M\u00fcnchen gibt es eine dynamische freie Szene zeitgen\u00f6ssischer Musik. Die Akteur*innen dieser Szene schliessen sich seit 2019 zusammen. Damit wollen wir uns untereinander vernetzen, austauschen und \u00fcber die Situation in M\u00fcnchen diskutieren. Wir b\u00fcndeln die Interessen der Szene und vertreten sie gegen\u00fcber f\u00fcr uns zust\u00e4ndigen Kulturf\u00f6rderern, Gremien und weiteren Ansprechpartner*innen. Unserer Interessengemeinschaft geh\u00f6ren Ensembles, Festivals, Diskurs- und Konzertveranstalter, Organisationen von hier wirkenden Musiker*innen und Komponist*innen sowie viele einzelne Musiker*innen, Komponist*innen und weitere Betroffene an, die sich als z.B. der zeitgen\u00f6ssischen Musik, Neuen Musik, elektronischen Musik und experimentellen Musik zugeh\u00f6rig betrachten.<\/p>\n","protected":false},"excerpt":{"rendered":"<p>Sprecherinnenrat Der Sprecher*innenrat setzt sich aus folgenden Akteur*innen der freien zeitgen\u00f6ssischen Musikszene M\u00fcnchens zusammen und wurde von den Mitgliedern der IG ZMM am 16. Februar 2024 neu gew\u00e4hlt: Jean Pierre Collot, Markus Elsner, Karina Erhard, Kelvin Hawthorne, Salome Kammer, Kathrin Isabelle Klein, Oliver Klenk, Markus Lehmann-Horn, Cornelia Meli\u00e1n, Alexander F. M\u00fcller Adrian Pereyra, Alexander Strauch&hellip; <a class=\"more-link\" href=\"https:\/\/igzmm.de\/?page_id=11\"><span class=\"screen-reader-text\">\u00dcber uns<\/span> weiterlesen<\/a><\/p>\n","protected":false},"author":1,"featured_media":0,"parent":0,"menu_order":0,"comment_status":"closed","ping_status":"closed","template":"","meta":{"footnotes":""},"categories":[3],"tags":[],"class_list":["post-11","page","type-page","status-publish","hentry","category-news","entry"],"yoast_head":"<!-- This site is optimized with the Yoast SEO plugin v24.1 - https:\/\/yoast.com\/wordpress\/plugins\/seo\/ -->\n<title>\u00dcber uns - IG Zeitgen\u00f6ssische Musik M\u00fcnchen<\/title>\n<meta name=\"robots\" content=\"index, follow, max-snippet:-1, max-image-preview:large, max-video-preview:-1\" \/>\n<link rel=\"canonical\" href=\"https:\/\/igzmm.de\/?page_id=11\" \/>\n<meta property=\"og:locale\" content=\"de_DE\" \/>\n<meta property=\"og:type\" content=\"article\" \/>\n<meta property=\"og:title\" content=\"\u00dcber uns - IG Zeitgen\u00f6ssische Musik M\u00fcnchen\" \/>\n<meta property=\"og:description\" content=\"Sprecherinnenrat Der Sprecher*innenrat setzt sich aus folgenden Akteur*innen der freien zeitgen\u00f6ssischen Musikszene M\u00fcnchens zusammen und wurde von den Mitgliedern der IG ZMM am 16. Februar 2024 neu gew\u00e4hlt: Jean Pierre Collot, Markus Elsner, Karina Erhard, Kelvin Hawthorne, Salome Kammer, Kathrin Isabelle Klein, Oliver Klenk, Markus Lehmann-Horn, Cornelia Meli\u00e1n, Alexander F. M\u00fcller Adrian Pereyra, Alexander Strauch&hellip; \u00dcber uns weiterlesen\" \/>\n<meta property=\"og:url\" content=\"https:\/\/igzmm.de\/?page_id=11\" \/>\n<meta property=\"og:site_name\" content=\"IG Zeitgen\u00f6ssische Musik M\u00fcnchen\" \/>\n<meta property=\"article:modified_time\" content=\"2024-10-31T18:06:13+00:00\" \/>\n<meta name=\"twitter:card\" content=\"summary_large_image\" \/>\n<meta name=\"twitter:label1\" content=\"Gesch\u00e4tzte Lesezeit\" \/>\n\t<meta name=\"twitter:data1\" content=\"1\u00a0Minute\" \/>\n<script type=\"application\/ld+json\" class=\"yoast-schema-graph\">{\"@context\":\"https:\/\/schema.org\",\"@graph\":[{\"@type\":\"WebPage\",\"@id\":\"https:\/\/igzmm.de\/?page_id=11\",\"url\":\"https:\/\/igzmm.de\/?page_id=11\",\"name\":\"\u00dcber uns - IG Zeitgen\u00f6ssische Musik M\u00fcnchen\",\"isPartOf\":{\"@id\":\"https:\/\/igzmm.de\/#website\"},\"datePublished\":\"2021-01-10T18:25:00+00:00\",\"dateModified\":\"2024-10-31T18:06:13+00:00\",\"breadcrumb\":{\"@id\":\"https:\/\/igzmm.de\/?page_id=11#breadcrumb\"},\"inLanguage\":\"de\",\"potentialAction\":[{\"@type\":\"ReadAction\",\"target\":[\"https:\/\/igzmm.de\/?page_id=11\"]}]},{\"@type\":\"BreadcrumbList\",\"@id\":\"https:\/\/igzmm.de\/?page_id=11#breadcrumb\",\"itemListElement\":[{\"@type\":\"ListItem\",\"position\":1,\"name\":\"Home\",\"item\":\"https:\/\/igzmm.de\/\"},{\"@type\":\"ListItem\",\"position\":2,\"name\":\"\u00dcber uns\"}]},{\"@type\":\"WebSite\",\"@id\":\"https:\/\/igzmm.de\/#website\",\"url\":\"https:\/\/igzmm.de\/\",\"name\":\"IG Zeitgen\u00f6ssische Musik M\u00fcnchen\",\"description\":\"\",\"potentialAction\":[{\"@type\":\"SearchAction\",\"target\":{\"@type\":\"EntryPoint\",\"urlTemplate\":\"https:\/\/igzmm.de\/?s={search_term_string}\"},\"query-input\":{\"@type\":\"PropertyValueSpecification\",\"valueRequired\":true,\"valueName\":\"search_term_string\"}}],\"inLanguage\":\"de\"}]}<\/script>\n<!-- \/ Yoast SEO plugin. -->","yoast_head_json":{"title":"\u00dcber uns - IG Zeitgen\u00f6ssische Musik M\u00fcnchen","robots":{"index":"index","follow":"follow","max-snippet":"max-snippet:-1","max-image-preview":"max-image-preview:large","max-video-preview":"max-video-preview:-1"},"canonical":"https:\/\/igzmm.de\/?page_id=11","og_locale":"de_DE","og_type":"article","og_title":"\u00dcber uns - IG Zeitgen\u00f6ssische Musik M\u00fcnchen","og_description":"Sprecherinnenrat Der Sprecher*innenrat setzt sich aus folgenden Akteur*innen der freien zeitgen\u00f6ssischen Musikszene M\u00fcnchens zusammen und wurde von den Mitgliedern der IG ZMM am 16. Februar 2024 neu gew\u00e4hlt: Jean Pierre Collot, Markus Elsner, Karina Erhard, Kelvin Hawthorne, Salome Kammer, Kathrin Isabelle Klein, Oliver Klenk, Markus Lehmann-Horn, Cornelia Meli\u00e1n, Alexander F. M\u00fcller Adrian Pereyra, Alexander Strauch&hellip; \u00dcber uns weiterlesen","og_url":"https:\/\/igzmm.de\/?page_id=11","og_site_name":"IG Zeitgen\u00f6ssische Musik M\u00fcnchen","article_modified_time":"2024-10-31T18:06:13+00:00","twitter_card":"summary_large_image","twitter_misc":{"Gesch\u00e4tzte Lesezeit":"1\u00a0Minute"},"schema":{"@context":"https:\/\/schema.org","@graph":[{"@type":"WebPage","@id":"https:\/\/igzmm.de\/?page_id=11","url":"https:\/\/igzmm.de\/?page_id=11","name":"\u00dcber uns - IG Zeitgen\u00f6ssische Musik M\u00fcnchen","isPartOf":{"@id":"https:\/\/igzmm.de\/#website"},"datePublished":"2021-01-10T18:25:00+00:00","dateModified":"2024-10-31T18:06:13+00:00","breadcrumb":{"@id":"https:\/\/igzmm.de\/?page_id=11#breadcrumb"},"inLanguage":"de","potentialAction":[{"@type":"ReadAction","target":["https:\/\/igzmm.de\/?page_id=11"]}]},{"@type":"BreadcrumbList","@id":"https:\/\/igzmm.de\/?page_id=11#breadcrumb","itemListElement":[{"@type":"ListItem","position":1,"name":"Home","item":"https:\/\/igzmm.de\/"},{"@type":"ListItem","position":2,"name":"\u00dcber uns"}]},{"@type":"WebSite","@id":"https:\/\/igzmm.de\/#website","url":"https:\/\/igzmm.de\/","name":"IG Zeitgen\u00f6ssische Musik M\u00fcnchen","description":"","potentialAction":[{"@type":"SearchAction","target":{"@type":"EntryPoint","urlTemplate":"https:\/\/igzmm.de\/?s={search_term_string}"},"query-input":{"@type":"PropertyValueSpecification","valueRequired":true,"valueName":"search_term_string"}}],"inLanguage":"de"}]}},"_links":{"self":[{"href":"https:\/\/igzmm.de\/index.php?rest_route=\/wp\/v2\/pages\/11","targetHints":{"allow":["GET"]}}],"collection":[{"href":"https:\/\/igzmm.de\/index.php?rest_route=\/wp\/v2\/pages"}],"about":[{"href":"https:\/\/igzmm.de\/index.php?rest_route=\/wp\/v2\/types\/page"}],"author":[{"embeddable":true,"href":"https:\/\/igzmm.de\/index.php?rest_route=\/wp\/v2\/users\/1"}],"replies":[{"embeddable":true,"href":"https:\/\/igzmm.de\/index.php?rest_route=%2Fwp%2Fv2%2Fcomments&post=11"}],"version-history":[{"count":16,"href":"https:\/\/igzmm.de\/index.php?rest_route=\/wp\/v2\/pages\/11\/revisions"}],"predecessor-version":[{"id":163,"href":"https:\/\/igzmm.de\/index.php?rest_route=\/wp\/v2\/pages\/11\/revisions\/163"}],"wp:attachment":[{"href":"https:\/\/igzmm.de\/index.php?rest_route=%2Fwp%2Fv2%2Fmedia&parent=11"}],"wp:term":[{"taxonomy":"category","embeddable":true,"href":"https:\/\/igzmm.de\/index.php?rest_route=%2Fwp%2Fv2%2Fcategories&post=11"},{"taxonomy":"post_tag","embeddable":true,"href":"https:\/\/igzmm.de\/index.php?rest_route=%2Fwp%2Fv2%2Ftags&post=11"}],"curies":[{"name":"wp","href":"https:\/\/api.w.org\/{rel}","templated":true}]}}