{"id":41,"date":"2021-01-24T02:29:13","date_gmt":"2021-01-24T02:29:13","guid":{"rendered":"https:\/\/igzmm.de\/?page_id=41"},"modified":"2025-04-01T19:28:05","modified_gmt":"2025-04-01T19:28:05","slug":"mitglieder","status":"publish","type":"page","link":"https:\/\/igzmm.de\/?page_id=41","title":{"rendered":"Mitglieder"},"content":{"rendered":"\n<p>Folgende Akteur*innen der M\u00fcnchner Szene der zeitgen\u00f6ssischen Musik sind bisher Mitglieder der IG ZMM<\/p>\n\n\n<p><a href=\"http:\/\/www.henrik-ajax.net\" target=\"_blank\" rel=\"noopener\">Ajax, Henrik<\/a><br \/>Azevedo, de Caio<br \/>Bauer, Michael Emanuel<br \/><a href=\"http:\/\/markus-bellheim.com\" target=\"_blank\" rel=\"noopener\">Bellheim, Markus<\/a>\u00a0<a href=\"http:\/\/www.ducciobeverini.com\" target=\"_blank\" rel=\"noopener\"><br \/>Beverini, Duccio<\/a><br \/>Blum, Stefan<br \/><a href=\"http:\/\/bogner.net\" target=\"_blank\" rel=\"noopener\">Bogner, Anna-Maria<\/a><br \/><a href=\"http:\/\/www.borboudakis.com\" target=\"_blank\" rel=\"noopener\">Borboudakis, Minas<\/a><br \/><a href=\"http:\/\/nikolausbrass.eu\" target=\"_blank\" rel=\"noopener\">Brass, Nikolaus<\/a><br \/>Chlupacek, Birgit<br \/><a href=\"http:www.jeanpierrecollot.eu\" target=\"_blank\" rel=\"noopener\">Collot, Jean Pierre<br \/><\/a><a href=\"http:\/\/rfd-piano.de\" target=\"_blank\" rel=\"noopener\">Daniel, Robert Florian<\/a><br \/><a href=\"http:\/\/christiandieck.com\" target=\"_blank\" rel=\"noopener\">Dieck, Christian<\/a><br \/><a href=\"http:\/\/doroeberhardt.de\" target=\"_blank\" rel=\"noopener\">Eberhardt-Lutz, Dr., Dorothee<\/a><br \/><a href=\"http:\/\/moritzeggert.de\" target=\"_blank\" rel=\"noopener\">Eggert, Moritz<\/a><br \/><a href=\"http:\/\/markuselsner.com\" target=\"_blank\" rel=\"noopener\">Elsner, Markus<\/a><br \/><a href=\"http:\/\/karina-erhard.de\" target=\"_blank\" rel=\"noopener\">Erhard, Karina<\/a><br \/><a href=\"http:\/\/musikzumanfassen.de\" target=\"_blank\" rel=\"noopener\">Friedl, Heinz<\/a><br \/><a href=\"http:\/\/gunnargeisse.de\" target=\"_blank\" rel=\"noopener\">Geisse, Gunnar<\/a><br \/><a href=\"http:\/\/karlfgerber.de\" target=\"_blank\" rel=\"noopener\">Gerber, Karl Friedrich<\/a><br \/><a href=\"http:\/\/jakob-grimm.de\" target=\"_blank\" rel=\"noopener\">Grimm, Jakob<\/a><br \/><a href=\"https:\/\/de.wikipedia.org\/wiki\/Bernhard_Haas\" target=\"_blank\" rel=\"noopener\">Haas, Bernhard<\/a><br \/>Hawthorne, Kelvin<br \/>Helbig, Brigitte<br \/>Heuberger, Stephan<br \/><a href=\"https:\/\/triocoriolis.com\" target=\"_blank\" rel=\"noopener\">Hofer, Thomas<\/a><br \/><a href=\"https:\/\/hofmannmusic.de\" target=\"_blank\" rel=\"noopener\">Hofmann, Dr., Dorothea<\/a><br \/>Janotta, Roger<br \/><a href=\"http:\/\/salomekammer.de\" target=\"_blank\" rel=\"noopener\">Kammer, Salome<\/a><br \/>K\u00e4mper, Julian <a href=\"http:\/\/kathrin-isabelle-klein.com\" target=\"_blank\" rel=\"noopener\"><br \/>Klein, Kathrin Isabelle<\/a><br \/>Klenk, Oliver<br \/><a href=\"http:\/\/tajdakrajnc.com\" target=\"_blank\" rel=\"noopener\">Krajnc, Tadja<\/a><br \/>Kuparadze, Eka<br \/>Lachenmayr, Mathias<br \/><a href=\"http:\/\/stephanlanius.de\" target=\"_blank\" rel=\"noopener\">Lanius, Stephan<\/a><br \/><a href=\"http:\/\/markuslehmannhorn.de\" target=\"_blank\" rel=\"noopener\">Lehmann-Horn, Markus<\/a><br \/><a href=\"http:\/\/www.felixleuschner.de\" target=\"_blank\" rel=\"noopener\">Leuschner, Felix<\/a><br \/><a href=\"http:\/\/irislichtinger.com\" target=\"_blank\" rel=\"noopener\">Lichtinger, Iris<\/a><br \/><a href=\"http:\/\/sophieluecke.de\" target=\"_blank\" rel=\"noopener\">L\u00fccke, Sophie<\/a><br \/><a href=\"http:\/\/micro-oper.de\" target=\"_blank\" rel=\"noopener\">Meli\u00e1n, Cornelia<\/a><br \/><a href=\"http:\/\/armandomerino.com\" target=\"_blank\" rel=\"noopener\">Merino, Armando<\/a><br \/><a href=\"https:\/\/angela-metzger.org\/de\/home-de\/\" target=\"_blank\" rel=\"noopener\">Metzger, Angela<\/a><br \/><a href=\"http:\/\/markus-muench.com\" target=\"_blank\" rel=\"noopener\">Muench, Markus<\/a><br \/><a href=\"https:\/\/www.alexander-f-mueller.com\" target=\"_blank\" rel=\"noopener\">M\u00fcller, Alexander F.<\/a><br \/><a href=\"http:\/\/musica-femina-muenchen.de\" target=\"_blank\" rel=\"noopener\">musica femina m\u00fcnchen e.V.<\/a><br \/><a href=\"https:\/\/neues-kollektiv.de\" target=\"_blank\" rel=\"noopener\">NKM &#8211; Neues Kollektiv M\u00fcnchen \/ Magnet e.V.<\/a><br \/><a href=\"https:\/\/www.johannesoellinger.com\" target=\"_blank\" rel=\"noopener\">\u00d6llinger, Johannes<\/a><br \/><a href=\"http:\/\/masako-ohta.de\" target=\"_blank\" rel=\"noopener\">Ohta, Masako<\/a><br \/><a href=\"http:\/\/katharina-ortmann.de\" target=\"_blank\" rel=\"noopener\">Ortmann, Katharina<\/a><br \/><a href=\"http:\/\/soundcloud.com\/adrianpereyra\" target=\"_blank\" rel=\"noopener\">Pereyra Adrian<\/a><br \/><a href=\"http:\/\/gmd-soundtrax.de\" target=\"_blank\" rel=\"noopener\">Rechenberg, von, Friedemann<\/a><br \/><a href=\"https:\/\/www.youtube.com\/channel\/UCXDIVv9gQAYZtnixQsmBilA\" target=\"_blank\" rel=\"noopener\">Reich, Sophie<\/a><br \/><a href=\"http:\/\/christophreiserer.net\" target=\"_blank\" rel=\"noopener\">Reiserer, Christoph<\/a><br \/>Rojina, Martine-Nicole<br \/>Sadler, Matthew<br \/><a href=\"http:\/\/johannesxschachtner.com\" target=\"_blank\" rel=\"noopener\">Schachtner, Johannes X.<\/a><br \/><a href=\"http:\/\/zentaur-quartett.de\" target=\"_blank\" rel=\"noopener\">Schmauder, Katharina<\/a><br \/><a href=\"http:\/\/neues-kollektiv.de\" target=\"_blank\" rel=\"noopener\">Sch\u00f6lzel, Julia<\/a><br \/><a href=\"http:\/\/www.lisa-schoettl.de\" target=\"_blank\" rel=\"noopener\">Sch\u00f6ttl, Lisa<\/a><br \/>scope &#8211; Spielraum f\u00fcr aktuelle Musik, Christiane B\u00f6hnke-Geisse<br \/><a href=\"https:\/\/triocoriolis.com\" target=\"_blank\" rel=\"noopener\">Simons, Hanno<\/a><br \/>Sirjacobs, Claire<br \/><a href=\"http:\/\/www.andreas-skouras.de\" target=\"_blank\" rel=\"noopener\">Skouras, Andreas<\/a><br \/>Smith, Tom<br \/>Stange, Maria<br \/><a href=\"http:\/\/jakob-stillmark.de\" target=\"_blank\" rel=\"noopener\">Stillmark, Jakob<\/a><br \/><a href=\"http:\/\/strauchcomposer.de\" target=\"_blank\" rel=\"noopener\">Strauch, Alexander<\/a><br \/><a href=\"http:\/\/hochx.de\" target=\"_blank\" rel=\"noopener\">HochX \/ Theater und Live Art M\u00fcnchen e.V.<\/a><br><a href=\"https:\/\/christiantraute.de\" target=\"_blank\" rel=\"noopener\">Traute, Christian<\/a><br \/><a href=\"http:\/\/trugschluss-konzerte.de\" target=\"_blank\" rel=\"noopener\">trugschluss e.V.<\/a><br \/><a href=\"http:\/\/weinzierl-waechter.de\" target=\"_blank\" rel=\"noopener\">W\u00e4chter, Edmund<\/a><br \/>Wangler, Kai<br \/><a href=\"http:\/\/bernhardweidner.de\" target=\"_blank\" rel=\"noopener\">Weidner, Bernhard<\/a><br \/><a href=\"https:\/\/triocoriolis.com\" target=\"_blank\" rel=\"noopener\">Werani, Klaus-Peter<\/a><br \/><a href=\"https:\/\/sarahluisawurmer.de\" target=\"_blank\" rel=\"noopener\">Wurmer, Sarah Luisa<\/a><br \/><a href=\"https:\/\/www.leonzmelty.de\" target=\"_blank\" rel=\"noopener\">Zmelty, Leon<\/a><\/p>","protected":false},"excerpt":{"rendered":"<p>Folgende Akteur*innen der M\u00fcnchner Szene der zeitgen\u00f6ssischen Musik sind bisher Mitglieder der IG ZMM Ajax, HenrikAzevedo, de CaioBauer, Michael EmanuelBellheim, Markus\u00a0Beverini, DuccioBlum, StefanBogner, Anna-MariaBorboudakis, MinasBrass, NikolausChlupacek, BirgitCollot, Jean PierreDaniel, Robert FlorianDieck, ChristianEberhardt-Lutz, Dr., DorotheeEggert, MoritzElsner, MarkusErhard, KarinaFriedl, HeinzGeisse, GunnarGerber, Karl FriedrichGrimm, JakobHaas, BernhardHawthorne, KelvinHelbig, BrigitteHeuberger, StephanHofer, ThomasHofmann, Dr., DorotheaJanotta, RogerKammer, SalomeK\u00e4mper, Julian Klein, Kathrin IsabelleKlenk,&hellip; <a class=\"more-link\" href=\"https:\/\/igzmm.de\/?page_id=41\"><span class=\"screen-reader-text\">Mitglieder<\/span> weiterlesen<\/a><\/p>\n","protected":false},"author":1,"featured_media":0,"parent":0,"menu_order":0,"comment_status":"closed","ping_status":"closed","template":"","meta":{"footnotes":""},"categories":[],"tags":[],"class_list":["post-41","page","type-page","status-publish","hentry","entry"],"yoast_head":"<!-- This site is optimized with the Yoast SEO plugin v24.1 - https:\/\/yoast.com\/wordpress\/plugins\/seo\/ -->\n<title>Mitglieder - IG Zeitgen\u00f6ssische Musik M\u00fcnchen<\/title>\n<meta name=\"robots\" content=\"index, follow, max-snippet:-1, max-image-preview:large, max-video-preview:-1\" \/>\n<link rel=\"canonical\" href=\"https:\/\/igzmm.de\/?page_id=41\" \/>\n<meta property=\"og:locale\" content=\"de_DE\" \/>\n<meta property=\"og:type\" content=\"article\" \/>\n<meta property=\"og:title\" content=\"Mitglieder - IG Zeitgen\u00f6ssische Musik M\u00fcnchen\" \/>\n<meta property=\"og:description\" content=\"Folgende Akteur*innen der M\u00fcnchner Szene der zeitgen\u00f6ssischen Musik sind bisher Mitglieder der IG ZMM Ajax, HenrikAzevedo, de CaioBauer, Michael EmanuelBellheim, Markus\u00a0Beverini, DuccioBlum, StefanBogner, Anna-MariaBorboudakis, MinasBrass, NikolausChlupacek, BirgitCollot, Jean PierreDaniel, Robert FlorianDieck, ChristianEberhardt-Lutz, Dr., DorotheeEggert, MoritzElsner, MarkusErhard, KarinaFriedl, HeinzGeisse, GunnarGerber, Karl FriedrichGrimm, JakobHaas, BernhardHawthorne, KelvinHelbig, BrigitteHeuberger, StephanHofer, ThomasHofmann, Dr., DorotheaJanotta, RogerKammer, SalomeK\u00e4mper, Julian Klein, Kathrin IsabelleKlenk,&hellip; Mitglieder weiterlesen\" \/>\n<meta property=\"og:url\" content=\"https:\/\/igzmm.de\/?page_id=41\" \/>\n<meta property=\"og:site_name\" content=\"IG Zeitgen\u00f6ssische Musik M\u00fcnchen\" \/>\n<meta property=\"article:modified_time\" content=\"2025-04-01T19:28:05+00:00\" \/>\n<meta name=\"twitter:card\" content=\"summary_large_image\" \/>\n<meta name=\"twitter:label1\" content=\"Gesch\u00e4tzte Lesezeit\" \/>\n\t<meta name=\"twitter:data1\" content=\"2\u00a0Minuten\" \/>\n<script type=\"application\/ld+json\" class=\"yoast-schema-graph\">{\"@context\":\"https:\/\/schema.org\",\"@graph\":[{\"@type\":\"WebPage\",\"@id\":\"https:\/\/igzmm.de\/?page_id=41\",\"url\":\"https:\/\/igzmm.de\/?page_id=41\",\"name\":\"Mitglieder - IG Zeitgen\u00f6ssische Musik M\u00fcnchen\",\"isPartOf\":{\"@id\":\"https:\/\/igzmm.de\/#website\"},\"datePublished\":\"2021-01-24T02:29:13+00:00\",\"dateModified\":\"2025-04-01T19:28:05+00:00\",\"breadcrumb\":{\"@id\":\"https:\/\/igzmm.de\/?page_id=41#breadcrumb\"},\"inLanguage\":\"de\",\"potentialAction\":[{\"@type\":\"ReadAction\",\"target\":[\"https:\/\/igzmm.de\/?page_id=41\"]}]},{\"@type\":\"BreadcrumbList\",\"@id\":\"https:\/\/igzmm.de\/?page_id=41#breadcrumb\",\"itemListElement\":[{\"@type\":\"ListItem\",\"position\":1,\"name\":\"Home\",\"item\":\"https:\/\/igzmm.de\/\"},{\"@type\":\"ListItem\",\"position\":2,\"name\":\"Mitglieder\"}]},{\"@type\":\"WebSite\",\"@id\":\"https:\/\/igzmm.de\/#website\",\"url\":\"https:\/\/igzmm.de\/\",\"name\":\"IG Zeitgen\u00f6ssische Musik M\u00fcnchen\",\"description\":\"\",\"potentialAction\":[{\"@type\":\"SearchAction\",\"target\":{\"@type\":\"EntryPoint\",\"urlTemplate\":\"https:\/\/igzmm.de\/?s={search_term_string}\"},\"query-input\":{\"@type\":\"PropertyValueSpecification\",\"valueRequired\":true,\"valueName\":\"search_term_string\"}}],\"inLanguage\":\"de\"}]}<\/script>\n<!-- \/ Yoast SEO plugin. -->","yoast_head_json":{"title":"Mitglieder - IG Zeitgen\u00f6ssische Musik M\u00fcnchen","robots":{"index":"index","follow":"follow","max-snippet":"max-snippet:-1","max-image-preview":"max-image-preview:large","max-video-preview":"max-video-preview:-1"},"canonical":"https:\/\/igzmm.de\/?page_id=41","og_locale":"de_DE","og_type":"article","og_title":"Mitglieder - IG Zeitgen\u00f6ssische Musik M\u00fcnchen","og_description":"Folgende Akteur*innen der M\u00fcnchner Szene der zeitgen\u00f6ssischen Musik sind bisher Mitglieder der IG ZMM Ajax, HenrikAzevedo, de CaioBauer, Michael EmanuelBellheim, Markus\u00a0Beverini, DuccioBlum, StefanBogner, Anna-MariaBorboudakis, MinasBrass, NikolausChlupacek, BirgitCollot, Jean PierreDaniel, Robert FlorianDieck, ChristianEberhardt-Lutz, Dr., DorotheeEggert, MoritzElsner, MarkusErhard, KarinaFriedl, HeinzGeisse, GunnarGerber, Karl FriedrichGrimm, JakobHaas, BernhardHawthorne, KelvinHelbig, BrigitteHeuberger, StephanHofer, ThomasHofmann, Dr., DorotheaJanotta, RogerKammer, SalomeK\u00e4mper, Julian Klein, Kathrin IsabelleKlenk,&hellip; Mitglieder weiterlesen","og_url":"https:\/\/igzmm.de\/?page_id=41","og_site_name":"IG Zeitgen\u00f6ssische Musik M\u00fcnchen","article_modified_time":"2025-04-01T19:28:05+00:00","twitter_card":"summary_large_image","twitter_misc":{"Gesch\u00e4tzte Lesezeit":"2\u00a0Minuten"},"schema":{"@context":"https:\/\/schema.org","@graph":[{"@type":"WebPage","@id":"https:\/\/igzmm.de\/?page_id=41","url":"https:\/\/igzmm.de\/?page_id=41","name":"Mitglieder - IG Zeitgen\u00f6ssische Musik M\u00fcnchen","isPartOf":{"@id":"https:\/\/igzmm.de\/#website"},"datePublished":"2021-01-24T02:29:13+00:00","dateModified":"2025-04-01T19:28:05+00:00","breadcrumb":{"@id":"https:\/\/igzmm.de\/?page_id=41#breadcrumb"},"inLanguage":"de","potentialAction":[{"@type":"ReadAction","target":["https:\/\/igzmm.de\/?page_id=41"]}]},{"@type":"BreadcrumbList","@id":"https:\/\/igzmm.de\/?page_id=41#breadcrumb","itemListElement":[{"@type":"ListItem","position":1,"name":"Home","item":"https:\/\/igzmm.de\/"},{"@type":"ListItem","position":2,"name":"Mitglieder"}]},{"@type":"WebSite","@id":"https:\/\/igzmm.de\/#website","url":"https:\/\/igzmm.de\/","name":"IG Zeitgen\u00f6ssische Musik M\u00fcnchen","description":"","potentialAction":[{"@type":"SearchAction","target":{"@type":"EntryPoint","urlTemplate":"https:\/\/igzmm.de\/?s={search_term_string}"},"query-input":{"@type":"PropertyValueSpecification","valueRequired":true,"valueName":"search_term_string"}}],"inLanguage":"de"}]}},"_links":{"self":[{"href":"https:\/\/igzmm.de\/index.php?rest_route=\/wp\/v2\/pages\/41","targetHints":{"allow":["GET"]}}],"collection":[{"href":"https:\/\/igzmm.de\/index.php?rest_route=\/wp\/v2\/pages"}],"about":[{"href":"https:\/\/igzmm.de\/index.php?rest_route=\/wp\/v2\/types\/page"}],"author":[{"embeddable":true,"href":"https:\/\/igzmm.de\/index.php?rest_route=\/wp\/v2\/users\/1"}],"replies":[{"embeddable":true,"href":"https:\/\/igzmm.de\/index.php?rest_route=%2Fwp%2Fv2%2Fcomments&post=41"}],"version-history":[{"count":49,"href":"https:\/\/igzmm.de\/index.php?rest_route=\/wp\/v2\/pages\/41\/revisions"}],"predecessor-version":[{"id":173,"href":"https:\/\/igzmm.de\/index.php?rest_route=\/wp\/v2\/pages\/41\/revisions\/173"}],"wp:attachment":[{"href":"https:\/\/igzmm.de\/index.php?rest_route=%2Fwp%2Fv2%2Fmedia&parent=41"}],"wp:term":[{"taxonomy":"category","embeddable":true,"href":"https:\/\/igzmm.de\/index.php?rest_route=%2Fwp%2Fv2%2Fcategories&post=41"},{"taxonomy":"post_tag","embeddable":true,"href":"https:\/\/igzmm.de\/index.php?rest_route=%2Fwp%2Fv2%2Ftags&post=41"}],"curies":[{"name":"wp","href":"https:\/\/api.w.org\/{rel}","templated":true}]}}